{"id":2793,"date":"2021-12-06T03:29:13","date_gmt":"2021-12-06T03:29:13","guid":{"rendered":"https:\/\/ecomodulares.cl\/?page_id=2793"},"modified":"2025-10-20T22:07:25","modified_gmt":"2025-10-20T22:07:25","slug":"tour-casa-modular","status":"publish","type":"page","link":"https:\/\/ecomodulares.cl\/index.php\/tour-casa-modular\/","title":{"rendered":"Casa Modular"},"content":{"rendered":"\t\t<div data-elementor-type=\"wp-page\" data-elementor-id=\"2793\" class=\"elementor elementor-2793\">\n\t\t\t\t\t\t\t\t\t<section class=\"elementor-section elementor-top-section elementor-element elementor-element-62ec3fe0 elementor-section-boxed elementor-section-height-default elementor-section-height-default wd-section-disabled\" data-id=\"62ec3fe0\" data-element_type=\"section\" data-settings=\"{&quot;background_background&quot;:&quot;classic&quot;}\">\n\t\t\t\t\t\t<div class=\"elementor-container elementor-column-gap-default\">\n\t\t\t\t\t<div class=\"elementor-column elementor-col-100 elementor-top-column elementor-element elementor-element-6474fd49\" data-id=\"6474fd49\" data-element_type=\"column\">\n\t\t\t<div class=\"elementor-widget-wrap elementor-element-populated\">\n\t\t\t\t\t\t\t\t<div class=\"elementor-element elementor-element-3c61af48 color-scheme-inherit text-left elementor-widget elementor-widget-text-editor\" data-id=\"3c61af48\" data-element_type=\"widget\" data-widget_type=\"text-editor.default\">\n\t\t\t\t<div class=\"elementor-widget-container\">\n\t\t\t\t\t\t\t4\t\t\t\t\t\t<\/div>\n\t\t\t\t<\/div>\n\t\t\t\t\t<\/div>\n\t\t<\/div>\n\t\t\t\t\t\t\t<\/div>\n\t\t<\/section>\n\t\t\t\t<section class=\"elementor-section elementor-top-section elementor-element elementor-element-7b6ecf62 elementor-section-stretched elementor-section-boxed elementor-section-height-default elementor-section-height-default wd-section-disabled\" data-id=\"7b6ecf62\" data-element_type=\"section\" data-settings=\"{&quot;stretch_section&quot;:&quot;section-stretched&quot;,&quot;background_background&quot;:&quot;classic&quot;}\">\n\t\t\t\t\t\t\t<div class=\"elementor-background-overlay\"><\/div>\n\t\t\t\t\t\t\t<div class=\"elementor-container elementor-column-gap-default\">\n\t\t\t\t\t<div class=\"elementor-column elementor-col-100 elementor-top-column elementor-element elementor-element-677017e4\" data-id=\"677017e4\" data-element_type=\"column\">\n\t\t\t<div class=\"elementor-widget-wrap elementor-element-populated\">\n\t\t\t\t\t\t\t\t<div class=\"elementor-element elementor-element-6fea362c elementor-widget elementor-widget-spacer\" data-id=\"6fea362c\" data-element_type=\"widget\" data-widget_type=\"spacer.default\">\n\t\t\t\t<div class=\"elementor-widget-container\">\n\t\t\t\t\t<div class=\"elementor-spacer\">\n\t\t\t<div class=\"elementor-spacer-inner\"><\/div>\n\t\t<\/div>\n\t\t\t\t<\/div>\n\t\t\t\t<\/div>\n\t\t\t\t<div class=\"elementor-element elementor-element-44257364 elementor-widget elementor-widget-wd_title\" data-id=\"44257364\" data-element_type=\"widget\" data-widget_type=\"wd_title.default\">\n\t\t\t\t<div class=\"elementor-widget-container\">\n\t\t\t\t\t\t<link rel=\"stylesheet\" id=\"wd-section-title-css\" href=\"https:\/\/ecomodulares.cl\/wp-content\/themes\/woodmart\/css\/parts\/el-section-title.min.css?ver=6.0.4\" type=\"text\/css\" media=\"all\" \/> \t\t\t\t\t<div class=\"title-wrapper set-mb-s reset-last-child wd-title-color-default wd-title-style-default wd-title-size-large text-right\">\n\n\t\t\t\n\t\t\t<div class=\"liner-continer\">\n\n\t\t\t\t<h3 class=\"woodmart-title-container title wd-fontsize-xxl\">\n\t\t\t\t\tTOUR VIRTUAL\t\t\t\t<\/h3>\n\n\t\t\t\t\n\t\t\t<\/div>\n\n\t\t\t\t\t<\/div>\n\t\t\t\t<\/div>\n\t\t\t\t<\/div>\n\t\t\t\t<div class=\"elementor-element elementor-element-6e85fafc elementor-widget elementor-widget-spacer\" data-id=\"6e85fafc\" data-element_type=\"widget\" data-widget_type=\"spacer.default\">\n\t\t\t\t<div class=\"elementor-widget-container\">\n\t\t\t\t\t<div class=\"elementor-spacer\">\n\t\t\t<div class=\"elementor-spacer-inner\"><\/div>\n\t\t<\/div>\n\t\t\t\t<\/div>\n\t\t\t\t<\/div>\n\t\t\t\t\t<\/div>\n\t\t<\/div>\n\t\t\t\t\t\t\t<\/div>\n\t\t<\/section>\n\t\t\t\t<section class=\"elementor-section elementor-top-section elementor-element elementor-element-4ce8ab0b elementor-section-stretched elementor-section-boxed elementor-section-height-default elementor-section-height-default wd-section-disabled\" data-id=\"4ce8ab0b\" data-element_type=\"section\" data-settings=\"{&quot;stretch_section&quot;:&quot;section-stretched&quot;}\">\n\t\t\t\t\t\t<div class=\"elementor-container elementor-column-gap-default\">\n\t\t\t\t\t<div class=\"elementor-column elementor-col-100 elementor-top-column elementor-element elementor-element-1185c925\" data-id=\"1185c925\" data-element_type=\"column\">\n\t\t\t<div class=\"elementor-widget-wrap elementor-element-populated\">\n\t\t\t\t\t\t\t\t<div class=\"elementor-element elementor-element-2c3b5b86 elementor-widget elementor-widget-wd_title\" data-id=\"2c3b5b86\" data-element_type=\"widget\" data-widget_type=\"wd_title.default\">\n\t\t\t\t<div class=\"elementor-widget-container\">\n\t\t\t\t\t<div class=\"title-wrapper set-mb-s reset-last-child wd-title-color-default wd-title-style-bordered wd-title-size-default text-center\">\n\n\t\t\t\n\t\t\t<div class=\"liner-continer\">\n\n\t\t\t\t<h4 class=\"woodmart-title-container title wd-fontsize-l\">\n\t\t\t\t\tCASA MODULAR\t\t\t\t<\/h4>\n\n\t\t\t\t\n\t\t\t<\/div>\n\n\t\t\t\t\t\t\t<div class=\"title-after_title set-cont-mb-s reset-last-child wd-fontsize-xs\">\n\t\t\t\t\tCASA DE 2 MODULOS: \u00a0\u00a0Modulo 2 (Dormitorio principal, Ba\u00f1o)\u00a0Modulo 7 (Cocina, Estar, Comedor)\t\t\t\t<\/div>\n\t\t\t\t\t<\/div>\n\t\t\t\t<\/div>\n\t\t\t\t<\/div>\n\t\t\t\t<div class=\"elementor-element elementor-element-7fa5338a elementor-widget elementor-widget-shortcode\" data-id=\"7fa5338a\" data-element_type=\"widget\" data-widget_type=\"shortcode.default\">\n\t\t\t\t<div class=\"elementor-widget-container\">\n\t\t\t\t\t<div class=\"elementor-shortcode\">\n<iframe width='900' height='750' src='https:\/\/my.matterport.com\/show\/?m=pYPMxvquT1E' frameborder='0' allowfullscreen allow='xr-spatial-tracking'><\/iframe>\n<\/div>\n\t\t\t\t<\/div>\n\t\t\t\t<\/div>\n\t\t\t\t<div class=\"elementor-element elementor-element-7ca15dc5 gallery-spacing-custom elementor-widget elementor-widget-image-gallery\" data-id=\"7ca15dc5\" data-element_type=\"widget\" data-widget_type=\"image-gallery.default\">\n\t\t\t\t<div class=\"elementor-widget-container\">\n\t\t\t\t\t<div class=\"elementor-image-gallery\">\n\t\t\t\t\t<\/div>\n\t\t\t\t<\/div>\n\t\t\t\t<\/div>\n\t\t\t\t<div class=\"elementor-element elementor-element-32dd6105 elementor-widget elementor-widget-wd_title\" data-id=\"32dd6105\" data-element_type=\"widget\" data-widget_type=\"wd_title.default\">\n\t\t\t\t<div class=\"elementor-widget-container\">\n\t\t\t\t\t<div class=\"title-wrapper set-mb-s reset-last-child wd-title-color-primary wd-title-style-bordered wd-title-size-large text-center\">\n\n\t\t\t\n\t\t\t<div class=\"liner-continer\">\n\n\t\t\t\t<h4 class=\"woodmart-title-container title wd-fontsize-xxl\">\n\t\t\t\t\tEquipamiento\t\t\t\t<\/h4>\n\n\t\t\t\t\n\t\t\t<\/div>\n\n\t\t\t\t\t\t\t<div class=\"title-after_title set-cont-mb-s reset-last-child wd-fontsize-s\">\n\t\t\t\t\tCasa de 2 modulos ampliable, modulo 7 (cocina, estar, comedor) y m\u00f3dulo 2 (dormitorio principal, ba\u00f1o)\u00a0<span style=\"font-family: 'Open Sans', Arial, Helvetica, sans-serif;font-style: normal;font-weight: 400;color: var(--wd-text-color);font-size: 14px;text-align: left\">Valor puesto de f\u00e1brica desde\u00a0<\/span><span style=\"font-family: 'Open Sans', Arial, Helvetica, sans-serif;font-style: normal;color: var(--wd-text-color);font-weight: 600;font-size: 14px;text-align: left\">$640 UF + IVA<\/span>\t\t\t\t<\/div>\n\t\t\t\t\t<\/div>\n\t\t\t\t<\/div>\n\t\t\t\t<\/div>\n\t\t\t\t\t<\/div>\n\t\t<\/div>\n\t\t\t\t\t\t\t<\/div>\n\t\t<\/section>\n\t\t\t\t<section class=\"elementor-section elementor-top-section elementor-element elementor-element-2768a144 elementor-section-boxed elementor-section-height-default elementor-section-height-default wd-section-disabled\" data-id=\"2768a144\" data-element_type=\"section\">\n\t\t\t\t\t\t<div class=\"elementor-container elementor-column-gap-default\">\n\t\t\t\t\t<div class=\"elementor-column elementor-col-100 elementor-top-column elementor-element elementor-element-595c59a3\" data-id=\"595c59a3\" data-element_type=\"column\">\n\t\t\t<div class=\"elementor-widget-wrap elementor-element-populated\">\n\t\t\t\t\t\t\t\t<div class=\"elementor-element elementor-element-3ee1a60f elementor-widget elementor-widget-wd_button\" data-id=\"3ee1a60f\" data-element_type=\"widget\" data-widget_type=\"wd_button.default\">\n\t\t\t\t<div class=\"elementor-widget-container\">\n\t\t\t\t\t<div class=\"wd-button-wrapper text-center\" >\n\t\t\t<a class=\"btn btn-style-3d btn-shape-rectangle btn-size-extra-large btn-color-primary btn-icon-pos-left\"  href=\"https:\/\/ecomodulares.cl\/index.php\/contacto\/\">\n\t\t\t\t<span class=\"wd-btn-text\" data-elementor-setting-key=\"text\">\n\t\t\t\t\tCOTIZA  AQU\u00cd\t\t\t\t<\/span>\n\n\t\t\t\t\t\t\t\t\t<span class=\"wd-btn-icon\">\n\t\t\t\t\t\t<span class=\"wd-icon fas fa-dollar-sign\"><\/span>\t\t\t\t\t<\/span>\n\t\t\t\t\t\t\t<\/a>\n\t\t<\/div>\n\t\t\t\t<\/div>\n\t\t\t\t<\/div>\n\t\t\t\t\t<\/div>\n\t\t<\/div>\n\t\t\t\t\t\t\t<\/div>\n\t\t<\/section>\n\t\t\t\t<section class=\"elementor-section elementor-top-section elementor-element elementor-element-28aba373 wd-section-stretch elementor-section-boxed elementor-section-height-default elementor-section-height-default\" data-id=\"28aba373\" data-element_type=\"section\" data-settings=\"{&quot;background_background&quot;:&quot;classic&quot;}\">\n\t\t\t\t\t\t<div class=\"elementor-container elementor-column-gap-default\">\n\t\t\t\t\t<div class=\"elementor-column elementor-col-100 elementor-top-column elementor-element elementor-element-5fcf1b21\" data-id=\"5fcf1b21\" data-element_type=\"column\">\n\t\t\t<div class=\"elementor-widget-wrap elementor-element-populated\">\n\t\t\t\t\t\t\t\t<div class=\"elementor-element elementor-element-6c2c2b72 elementor-widget elementor-widget-wd_title\" data-id=\"6c2c2b72\" data-element_type=\"widget\" data-widget_type=\"wd_title.default\">\n\t\t\t\t<div class=\"elementor-widget-container\">\n\t\t\t\t\t<div class=\"title-wrapper set-mb-s reset-last-child wd-title-color-default wd-title-style-default wd-title-size-default text-center\">\n\n\t\t\t\n\t\t\t<div class=\"liner-continer\">\n\n\t\t\t\t<h4 class=\"woodmart-title-container title wd-fontsize-l\">\n\t\t\t\t\tPrincipales caracter\u00edsticas de los M\u00d3DULOS\t\t\t\t<\/h4>\n\n\t\t\t\t\n\t\t\t<\/div>\n\n\t\t\t\t\t<\/div>\n\t\t\t\t<\/div>\n\t\t\t\t<\/div>\n\t\t\t\t<section class=\"elementor-section elementor-inner-section elementor-element elementor-element-6c2abfb2 elementor-section-boxed elementor-section-height-default elementor-section-height-default wd-section-disabled\" data-id=\"6c2abfb2\" data-element_type=\"section\">\n\t\t\t\t\t\t<div class=\"elementor-container elementor-column-gap-default\">\n\t\t\t\t\t<div class=\"elementor-column elementor-col-50 elementor-inner-column elementor-element elementor-element-7a32c7ae\" data-id=\"7a32c7ae\" data-element_type=\"column\">\n\t\t\t<div class=\"elementor-widget-wrap elementor-element-populated\">\n\t\t\t\t\t\t\t\t<div class=\"elementor-element elementor-element-50b7bdfc elementor-widget elementor-widget-wd_infobox\" data-id=\"50b7bdfc\" data-element_type=\"widget\" data-widget_type=\"wd_infobox.default\">\n\t\t\t\t<div class=\"elementor-widget-container\">\n\t\t\t\t\t\t<link rel=\"stylesheet\" id=\"wd-info-box-css\" href=\"https:\/\/ecomodulares.cl\/wp-content\/themes\/woodmart\/css\/parts\/el-info-box.min.css?ver=6.0.4\" type=\"text\/css\" media=\"all\" \/> \t\t\t\t\t<div class=\"info-box-wrapper\">\n\t\t\t<div class=\"wd-info-box text-center box-icon-align-top box-style-base color-scheme-\">\n\t\t\t\t\t\t\t\t\t<div class=\"box-icon-wrapper  box-with-icon box-icon-simple\">\n\t\t\t\t\t\t<div class=\"info-box-icon\">\n\t\t\t\t\t\t\t\t\t\t\t\t\t\t\t<img src=\"https:\/\/ecomodulares.cl\/wp-content\/uploads\/elementor\/thumbs\/home-poakm40mrzpkqa2ep9l7sl6mk1eh8bs36smzzeqqgk.png\" title=\"home\" alt=\"home\" \/>\t\t\t\t\t\t\t\t\t\t\t\t\t<\/div>\n\t\t\t\t\t<\/div>\n\t\t\t\t\n\t\t\t\t<div class=\"info-box-content\">\n\t\t\t\t\t\t\t\t\t\t\t<div class=\"info-box-subtitle subtitle-color-primary subtitle-style-default wd-fontsize-xs\"\n\t\t\t\t\t\t\t  data-elementor-setting-key=\"subtitle\">\n\t\t\t\t\t\t\tDISE\u00d1O AMIGABLE\t\t\t\t\t\t<\/div>\n\t\t\t\t\t\n\t\t\t\t\t\n\t\t\t\t\t<div class=\"info-box-inner set-cont-mb-s reset-last-child\"\n\t\t\t\t\t\t data-elementor-setting-key=\"content\">\n\t\t\t\t\t\t<p>Esta equipada con ventanas Termopanel y son bioclim\u00e1tica, es una casa desmontable y ampliable.<\/p>\n\t\t\t\t\t<\/div>\n\t\n\t\t\t\t\t\t\t\t\t<\/div>\n\t\t\t<\/div>\n\t\t<\/div>\n\t\t\t\t<\/div>\n\t\t\t\t<\/div>\n\t\t\t\t\t<\/div>\n\t\t<\/div>\n\t\t\t\t<div class=\"elementor-column elementor-col-50 elementor-top-column elementor-element elementor-element-2e9db224\" data-id=\"2e9db224\" data-element_type=\"column\">\n\t\t\t<div class=\"elementor-widget-wrap elementor-element-populated\">\n\t\t\t\t\t\t\t\t<div class=\"elementor-element elementor-element-1f121ada elementor-widget elementor-widget-wd_infobox\" data-id=\"1f121ada\" data-element_type=\"widget\" data-widget_type=\"wd_infobox.default\">\n\t\t\t\t<div class=\"elementor-widget-container\">\n\t\t\t\t\t<div class=\"info-box-wrapper\">\n\t\t\t<div class=\"wd-info-box text-center box-icon-align-top box-style-base color-scheme-\">\n\t\t\t\t\t\t\t\t\t<div class=\"box-icon-wrapper  box-with-icon box-icon-simple\">\n\t\t\t\t\t\t<div class=\"info-box-icon\">\n\t\t\t\t\t\t\t\t\t\t\t\t\t\t\t<img src=\"https:\/\/ecomodulares.cl\/wp-content\/uploads\/elementor\/thumbs\/cubos-poaklydlmzhusmalm75gdmluzq69y55p60q33qz3hw.png\" title=\"cubos\" alt=\"cubos\" \/>\t\t\t\t\t\t\t\t\t\t\t\t\t<\/div>\n\t\t\t\t\t<\/div>\n\t\t\t\t\n\t\t\t\t<div class=\"info-box-content\">\n\t\t\t\t\t\t\t\t\t\t\t<div class=\"info-box-subtitle subtitle-color-primary subtitle-style-default wd-fontsize-xs\"\n\t\t\t\t\t\t\t  data-elementor-setting-key=\"subtitle\">\n\t\t\t\t\t\t\tARMA TU CASA COMO QUIERAS\t\t\t\t\t\t<\/div>\n\t\t\t\t\t\n\t\t\t\t\t\n\t\t\t\t\t<div class=\"info-box-inner set-cont-mb-s reset-last-child\"\n\t\t\t\t\t\t data-elementor-setting-key=\"content\">\n\t\t\t\t\t\t<p>Los m\u00f3dulos se pueden unir como uno lo desee.<\/p>\n\t\t\t\t\t<\/div>\n\t\n\t\t\t\t\t\t\t\t\t<\/div>\n\t\t\t<\/div>\n\t\t<\/div>\n\t\t\t\t<\/div>\n\t\t\t\t<\/div>\n\t\t\t\t\t<\/div>\n\t\t<\/div>\n\t\t\t\t<div class=\"elementor-column elementor-col-50 elementor-top-column elementor-element elementor-element-41aea59c\" data-id=\"41aea59c\" data-element_type=\"column\">\n\t\t\t<div class=\"elementor-widget-wrap elementor-element-populated\">\n\t\t\t\t\t\t\t\t<div class=\"elementor-element elementor-element-54f37dd7 elementor-widget elementor-widget-wd_infobox\" data-id=\"54f37dd7\" data-element_type=\"widget\" data-widget_type=\"wd_infobox.default\">\n\t\t\t\t<div class=\"elementor-widget-container\">\n\t\t\t\t\t<div class=\"info-box-wrapper\">\n\t\t\t<div class=\"wd-info-box text-center box-icon-align-top box-style-base color-scheme-\">\n\t\t\t\t\t\t\t\t\t<div class=\"box-icon-wrapper  box-with-icon box-icon-simple\">\n\t\t\t\t\t\t<div class=\"info-box-icon\">\n\t\t\t\t\t\t\t\t\t\t\t\t\t\t\t<img src=\"https:\/\/ecomodulares.cl\/wp-content\/uploads\/elementor\/thumbs\/remolque-poakmh6dfo7l8tjakf9zrhv2vflm838bwlrspa781g.png\" title=\"remolque\" alt=\"remolque\" \/>\t\t\t\t\t\t\t\t\t\t\t\t\t<\/div>\n\t\t\t\t\t<\/div>\n\t\t\t\t\n\t\t\t\t<div class=\"info-box-content\">\n\t\t\t\t\t\t\t\t\t\t\t<div class=\"info-box-subtitle subtitle-color-primary subtitle-style-default wd-fontsize-xs\"\n\t\t\t\t\t\t\t  data-elementor-setting-key=\"subtitle\">\n\t\t\t\t\t\t\tFACIL TRANSPORTE\t\t\t\t\t\t<\/div>\n\t\t\t\t\t\n\t\t\t\t\t\n\t\t\t\t\t<div class=\"info-box-inner set-cont-mb-s reset-last-child\"\n\t\t\t\t\t\t data-elementor-setting-key=\"content\">\n\t\t\t\t\t\t<p>El dise\u00f1o de los m\u00f3dulos esta concebido para poder transportarlos en un cami\u00f3n gr\u00faa.<\/p>\n\t\t\t\t\t<\/div>\n\t\n\t\t\t\t\t\t\t\t\t<\/div>\n\t\t\t<\/div>\n\t\t<\/div>\n\t\t\t\t<\/div>\n\t\t\t\t<\/div>\n\t\t\t\t\t<\/div>\n\t\t<\/div>\n\t\t\t\t<div class=\"elementor-column elementor-col-50 elementor-top-column elementor-element elementor-element-62c49360\" data-id=\"62c49360\" data-element_type=\"column\">\n\t\t\t<div class=\"elementor-widget-wrap elementor-element-populated\">\n\t\t\t\t\t\t\t\t<div class=\"elementor-element elementor-element-626c4734 elementor-widget elementor-widget-wd_infobox\" data-id=\"626c4734\" data-element_type=\"widget\" data-widget_type=\"wd_infobox.default\">\n\t\t\t\t<div class=\"elementor-widget-container\">\n\t\t\t\t\t<div class=\"info-box-wrapper\">\n\t\t\t<div class=\"wd-info-box text-center box-icon-align-top box-style-base color-scheme-\">\n\t\t\t\t\t\t\t\t\t<div class=\"box-icon-wrapper  box-with-icon box-icon-simple\">\n\t\t\t\t\t\t<div class=\"info-box-icon\">\n\t\t\t\t\t\t\t\t\t\t\t\t\t\t\t<img src=\"https:\/\/ecomodulares.cl\/wp-content\/uploads\/elementor\/thumbs\/el-pensamiento-de-diseno-poakm40mrzpkqa2ep9l7sl6mk1eh8bs36smzzeqqgk.png\" title=\"el-pensamiento-de-diseno\" alt=\"el-pensamiento-de-diseno\" \/>\t\t\t\t\t\t\t\t\t\t\t\t\t<\/div>\n\t\t\t\t\t<\/div>\n\t\t\t\t\n\t\t\t\t<div class=\"info-box-content\">\n\t\t\t\t\t\t\t\t\t\t\t<div class=\"info-box-subtitle subtitle-color-primary subtitle-style-default wd-fontsize-xs\"\n\t\t\t\t\t\t\t  data-elementor-setting-key=\"subtitle\">\n\t\t\t\t\t\t\t\u00a1SE CREATIVO!\t\t\t\t\t\t<\/div>\n\t\t\t\t\t\n\t\t\t\t\t\n\t\t\t\t\t<div class=\"info-box-inner set-cont-mb-s reset-last-child\"\n\t\t\t\t\t\t data-elementor-setting-key=\"content\">\n\t\t\t\t\t\t<p>Puedes crear el dise\u00f1o que desees con los m\u00f3dulos!<\/p>\n\t\t\t\t\t<\/div>\n\t\n\t\t\t\t\t\t\t\t\t<\/div>\n\t\t\t<\/div>\n\t\t<\/div>\n\t\t\t\t<\/div>\n\t\t\t\t<\/div>\n\t\t\t\t\t<\/div>\n\t\t<\/div>\n\t\t\t\t\t\t\t<\/div>\n\t\t<\/section>\n\t\t\t\t\t<\/div>\n\t\t<\/div>\n\t\t\t\t\t\t\t<\/div>\n\t\t<\/section>\n\t\t\t\t\t\t\t<\/div>\n\t\t","protected":false},"excerpt":{"rendered":"<p>4 TOUR VIRTUAL CASA MODULAR CASA DE 2 MODULOS: \u00a0\u00a0Modulo 2 (Dormitorio principal, Ba\u00f1o)\u00a0Modulo 7 (Cocina, Estar, Comedor) Equipamiento Casa<\/p>\n","protected":false},"author":1,"featured_media":0,"parent":0,"menu_order":0,"comment_status":"closed","ping_status":"closed","template":"","meta":[],"_links":{"self":[{"href":"https:\/\/ecomodulares.cl\/index.php\/wp-json\/wp\/v2\/pages\/2793"}],"collection":[{"href":"https:\/\/ecomodulares.cl\/index.php\/wp-json\/wp\/v2\/pages"}],"about":[{"href":"https:\/\/ecomodulares.cl\/index.php\/wp-json\/wp\/v2\/types\/page"}],"author":[{"embeddable":true,"href":"https:\/\/ecomodulares.cl\/index.php\/wp-json\/wp\/v2\/users\/1"}],"replies":[{"embeddable":true,"href":"https:\/\/ecomodulares.cl\/index.php\/wp-json\/wp\/v2\/comments?post=2793"}],"version-history":[{"count":11,"href":"https:\/\/ecomodulares.cl\/index.php\/wp-json\/wp\/v2\/pages\/2793\/revisions"}],"predecessor-version":[{"id":8180,"href":"https:\/\/ecomodulares.cl\/index.php\/wp-json\/wp\/v2\/pages\/2793\/revisions\/8180"}],"wp:attachment":[{"href":"https:\/\/ecomodulares.cl\/index.php\/wp-json\/wp\/v2\/media?parent=2793"}],"curies":[{"name":"wp","href":"https:\/\/api.w.org\/{rel}","templated":true}]}}