{"id":3851,"date":"2023-06-13T20:49:43","date_gmt":"2023-06-13T20:49:43","guid":{"rendered":"https:\/\/ecomodulares.cl\/?page_id=3851"},"modified":"2025-10-15T23:24:01","modified_gmt":"2025-10-15T23:24:01","slug":"preguntas-frecuentes","status":"publish","type":"page","link":"https:\/\/ecomodulares.cl\/index.php\/preguntas-frecuentes\/","title":{"rendered":"Preguntas y Respuestas"},"content":{"rendered":"\t\t<div data-elementor-type=\"wp-page\" data-elementor-id=\"3851\" class=\"elementor elementor-3851\">\n\t\t\t\t\t\t\t\t\t<section class=\"elementor-section elementor-top-section elementor-element elementor-element-b8f80d0 elementor-section-boxed elementor-section-height-default elementor-section-height-default wd-section-disabled\" data-id=\"b8f80d0\" data-element_type=\"section\">\n\t\t\t\t\t\t<div class=\"elementor-container elementor-column-gap-default\">\n\t\t\t\t\t<div class=\"elementor-column elementor-col-100 elementor-top-column elementor-element elementor-element-59e0fbb\" data-id=\"59e0fbb\" data-element_type=\"column\">\n\t\t\t<div class=\"elementor-widget-wrap elementor-element-populated\">\n\t\t\t\t\t\t\t\t<div class=\"elementor-element elementor-element-491d395 elementor-widget elementor-widget-shortcode\" data-id=\"491d395\" data-element_type=\"widget\" data-widget_type=\"shortcode.default\">\n\t\t\t\t<div class=\"elementor-widget-container\">\n\t\t\t\t\t<div class=\"elementor-shortcode\"><style>\r\n@import url('https:\/\/fonts.googleapis.com\/css2?family=Inter:wght@400;500;600;700&display=swap');\r\n\r\n* {\r\n    margin: 0;\r\n    padding: 0;\r\n    box-sizing: border-box;\r\n}\r\n\r\nbody {\r\n    font-family: 'Inter', sans-serif;\r\n    color: #2c3e50;\r\n    background: #f8f9fa;\r\n}\r\n\r\n.faq-wrapper {\r\n    max-width: 1300px;\r\n    margin: 0 auto;\r\n    background: white;\r\n}\r\n\r\n\/* HEADER *\/\r\n.faq-header {\r\n    padding: 80px 40px;\r\n    border-bottom: 1px solid #e8eef5;\r\n    text-align: left;\r\n}\r\n\r\n.faq-header h1 {\r\n    font-size: 3.5rem;\r\n    font-weight: 700;\r\n    letter-spacing: -1px;\r\n    margin-bottom: 30px;\r\n    color: #1a1a1a;\r\n}\r\n\r\n.faq-header h1 span {\r\n    color: #47702A;\r\n}\r\n\r\n.faq-search-container {\r\n    max-width: 500px;\r\n    margin: 0;\r\n    position: relative;\r\n}\r\n\r\n.faq-search-container input {\r\n    width: 100%;\r\n    padding: 14px 18px;\r\n    font-size: 1rem;\r\n    border: 2px solid #e8eef5;\r\n    border-radius: 8px;\r\n    transition: all 0.3s ease;\r\n    font-family: inherit;\r\n}\r\n\r\n.faq-search-container input:focus {\r\n    outline: none;\r\n    border-color: #47702A;\r\n    box-shadow: 0 0 0 3px rgba(71, 112, 42, 0.1);\r\n}\r\n\r\n\/* MAIN CONTENT *\/\r\n.faq-main {\r\n    display: grid;\r\n    grid-template-columns: 280px 1fr;\r\n    gap: 60px;\r\n    padding: 60px 40px;\r\n}\r\n\r\n\/* SIDEBAR NAV *\/\r\n.faq-sidebar {\r\n    position: sticky;\r\n    top: 100px;\r\n    height: fit-content;\r\n}\r\n\r\n.faq-nav-title {\r\n    font-size: 0.8rem;\r\n    font-weight: 700;\r\n    text-transform: uppercase;\r\n    letter-spacing: 1.5px;\r\n    color: #47702A;\r\n    margin-bottom: 25px;\r\n    display: block;\r\n}\r\n\r\n.faq-nav-list {\r\n    list-style: none;\r\n    display: flex;\r\n    flex-direction: column;\r\n    gap: 8px;\r\n}\r\n\r\n.faq-nav-list a {\r\n    display: block;\r\n    padding: 12px 16px;\r\n    color: #666;\r\n    text-decoration: none;\r\n    font-weight: 500;\r\n    font-size: 0.95rem;\r\n    border-left: 3px solid transparent;\r\n    transition: all 0.3s ease;\r\n    border-radius: 0 4px 4px 0;\r\n    cursor: pointer;\r\n}\r\n\r\n.faq-nav-list a:hover,\r\n.faq-nav-list a.active {\r\n    color: #47702A;\r\n    background: rgba(71, 112, 42, 0.08);\r\n    border-left-color: #47702A;\r\n    padding-left: 20px;\r\n}\r\n\r\n\/* CONTENT SECTIONS *\/\r\n.faq-content {\r\n    min-height: 400px;\r\n}\r\n\r\n.faq-item {\r\n    margin-bottom: 20px;\r\n    border: 1px solid #e8eef5;\r\n    border-radius: 8px;\r\n    overflow: hidden;\r\n    transition: all 0.3s ease;\r\n}\r\n\r\n.faq-item:hover {\r\n    border-color: #ddd;\r\n    box-shadow: 0 2px 8px rgba(0, 0, 0, 0.08);\r\n}\r\n\r\n.faq-question {\r\n    font-size: 1.1rem;\r\n    font-weight: 600;\r\n    color: #2c3e50;\r\n    padding: 20px;\r\n    cursor: pointer;\r\n    transition: all 0.2s ease;\r\n    display: flex;\r\n    justify-content: space-between;\r\n    align-items: center;\r\n    background: #f8f9fa;\r\n}\r\n\r\n.faq-question:hover {\r\n    color: #1a1a1a;\r\n    background: #e8eef5;\r\n}\r\n\r\n.faq-question.active {\r\n    background: #e8eef5;\r\n}\r\n\r\n.faq-toggle-icon {\r\n    width: 24px;\r\n    height: 24px;\r\n    display: flex;\r\n    align-items: center;\r\n    justify-content: center;\r\n    font-size: 1.4rem;\r\n    transition: transform 0.3s ease;\r\n    color: #666;\r\n    flex-shrink: 0;\r\n    margin-left: 12px;\r\n}\r\n\r\n.faq-question.active .faq-toggle-icon {\r\n    transform: rotate(180deg);\r\n}\r\n\r\n.faq-answer {\r\n    color: #555;\r\n    line-height: 1.8;\r\n    font-size: 1rem;\r\n    padding: 0 20px;\r\n    max-height: 0;\r\n    overflow: hidden;\r\n    transition: all 0.3s ease;\r\n    background: white;\r\n}\r\n\r\n.faq-item.open .faq-answer {\r\n    max-height: 1000px;\r\n    padding: 20px;\r\n}\r\n\r\n.faq-answer p {\r\n    margin-bottom: 12px;\r\n}\r\n\r\n.faq-answer ul {\r\n    margin-left: 24px;\r\n    margin-bottom: 12px;\r\n}\r\n\r\n.faq-answer li {\r\n    margin-bottom: 8px;\r\n    color: #666;\r\n}\r\n\r\n.faq-answer strong {\r\n    color: #2c3e50;\r\n    font-weight: 600;\r\n}\r\n\r\n.faq-item.hidden {\r\n    display: none;\r\n}\r\n\r\n\/* RESPONSIVE *\/\r\n@media (max-width: 1024px) {\r\n    .faq-main {\r\n        grid-template-columns: 1fr;\r\n        gap: 40px;\r\n        padding: 40px 30px;\r\n    }\r\n\r\n    .faq-sidebar {\r\n        position: relative;\r\n        top: 0;\r\n    }\r\n\r\n    .faq-nav-list {\r\n        flex-direction: row;\r\n        flex-wrap: wrap;\r\n    }\r\n\r\n    .faq-nav-list a {\r\n        flex: 1;\r\n        min-width: 150px;\r\n        text-align: left;\r\n        border: 1px solid #e8eef5;\r\n        border-left: none;\r\n        border-radius: 4px;\r\n    }\r\n\r\n    .faq-nav-list a.active {\r\n        border: 1px solid #47702A;\r\n        border-left: none;\r\n    }\r\n}\r\n\r\n@media (max-width: 640px) {\r\n    .faq-header {\r\n        padding: 40px 20px;\r\n        text-align: left;\r\n    }\r\n\r\n    .faq-header h1 {\r\n        font-size: 2.2rem;\r\n        text-align: left;\r\n    }\r\n\r\n    .faq-main {\r\n        padding: 30px 20px;\r\n    }\r\n\r\n    .faq-question {\r\n        font-size: 1rem;\r\n        padding: 16px;\r\n    }\r\n}\r\n<\/style>\r\n\r\n<div class=\"faq-wrapper\">\r\n    <!-- HEADER -->\r\n    <div class=\"faq-header\">\r\n        <h1>PREGUNTAS <span>FRECUENTES<\/span><\/h1>\r\n        <div class=\"faq-search-container\">\r\n            <input type=\"text\" id=\"faqSearch\" placeholder=\"Busca tu pregunta...\">\r\n        <\/div>\r\n    <\/div>\r\n\r\n    <!-- MAIN CONTENT -->\r\n    <div class=\"faq-main\">\r\n        <!-- SIDEBAR -->\r\n        <aside class=\"faq-sidebar\">\r\n            <span class=\"faq-nav-title\">Categor\u00edas<\/span>\r\n            <nav class=\"faq-nav-list\">\r\n                <a href=\"#\" data-category=\"materiales\" class=\"faq-nav-link active\">Materialidad<\/a>\r\n                <a href=\"#\" data-category=\"ventajas\" class=\"faq-nav-link\">Ventajas<\/a>\r\n                <a href=\"#\" data-category=\"proceso\" class=\"faq-nav-link\">Proceso<\/a>\r\n                <a href=\"#\" data-category=\"pago\" class=\"faq-nav-link\">Pago<\/a>\r\n                <a href=\"#\" data-category=\"despacho\" class=\"faq-nav-link\">Despacho<\/a>\r\n            <\/nav>\r\n        <\/aside>\r\n\r\n        <!-- CONTENT -->\r\n        <div class=\"faq-content\">\r\n            <div class=\"faq-item\" data-category=\"materiales\">\r\n                <div class=\"faq-question\">\r\n                    <span>\u00bfQu\u00e9 materiales utiliza Ecomodulares en sus Casas?<\/span>\r\n                    <span class=\"faq-toggle-icon\">\u25bc<\/span>\r\n                <\/div>\r\n                <div class=\"faq-answer\">\r\n                    <p>Los materiales utilizados por Ecomodulares son El Metalcon confinado en estructura met\u00e1lica y Panel SIP.<\/p>\r\n                <\/div>\r\n            <\/div>\r\n\r\n            <div class=\"faq-item\" data-category=\"materiales\">\r\n                <div class=\"faq-question\">\r\n                    <span>\u00bfQu\u00e9 es el Metalcon confinado en estructura met\u00e1lica?<\/span>\r\n                    <span class=\"faq-toggle-icon\">\u25bc<\/span>\r\n                <\/div>\r\n                <div class=\"faq-answer\">\r\n                    <p>El metalcon es un sistema constructivo, compuesto por perfiles de acero galvanizado para estructuras de muros y tabiques divisorios los cuales van inmersos en un chasis de estructura met\u00e1lica compuesto por pilares y vigas de acero estructural.<\/p>\r\n                <\/div>\r\n            <\/div>\r\n\r\n            <div class=\"faq-item\" data-category=\"materiales\">\r\n                <div class=\"faq-question\">\r\n                    <span>\u00bfQu\u00e9 es el Panel SIP?<\/span>\r\n                    <span class=\"faq-toggle-icon\">\u25bc<\/span>\r\n                <\/div>\r\n                <div class=\"faq-answer\">\r\n                    <p>El Panel SIP es un sistema constructivo y sus siglas significan Panel Estructural Isot\u00e9rmico. Consiste en dos placas de OSB (Oriented Strand Board) con certificaci\u00f3n estructural con un alma de poliestireno expandido de alta densidad (EPS) de 15 Kg M3.<\/p>\r\n                <\/div>\r\n            <\/div>\r\n\r\n            <div class=\"faq-item\" data-category=\"materiales\">\r\n                <div class=\"faq-question\">\r\n                    <span>\u00bfCu\u00e1les son las principales cualidades y diferencias del Metalcon y Panel SIP?<\/span>\r\n                    <span class=\"faq-toggle-icon\">\u25bc<\/span>\r\n                <\/div>\r\n                <div class=\"faq-answer\">\r\n                    <p><strong>Aislamiento:<\/strong> El panel SIP ofrece un alto nivel de aislamiento t\u00e9rmico, lo que lo hace adecuado para climas extremos, pero presenta un nivel de aislaci\u00f3n ac\u00fastica inferior a otras aislaciones como la lana de virio o sint\u00e9tica. El Metalcon puede ser muy bien aislado, ocupando los materiales adecuados pero no ofrece el mismo grado de aislamiento t\u00e9rmico que el Panel SIP, pero entrega un nivel de aislaci\u00f3n ac\u00fastica superior.<\/p>\r\n                    <p><strong>Resistencia estructural:<\/strong> El metalcon tiene una excelente resistencia estructural y se puede dise\u00f1ar para soportar cargas pesadas, sismos y condiciones climatol\u00f3gicas agresivas. Sin embargo el panel SIP bien instalados es estructuralmente s\u00f3lido y puede soportar cargas de viento y nieve.<\/p>\r\n                    <p><strong>Costo:<\/strong> La construcci\u00f3n en panel SIP puede resultar un 10% m\u00e1s costosa debido al proceso de fabricaci\u00f3n del panel SIP y el mayor grado de aislante t\u00e9rmico. Sin embargo los costos pueden variar dependiendo del tama\u00f1o de vivienda y otros factores.<\/p>\r\n                    <p><strong>Tiempo de Construcci\u00f3n:<\/strong> Sin perjuicio que obra gruesa de la construcci\u00f3n en panel SIP se puede construir en un tiempo menor al metalcon debido a su prefabricaci\u00f3n. Sin embargo el metalcon tambi\u00e9n tiene un r\u00e1pido tiempo de ejecuci\u00f3n general similar al panel SIP.<\/p>\r\n                    <p><strong>En resumen,<\/strong> la construcci\u00f3n SIP como Metalcon tiene ventajas y desventajas. La elecci\u00f3n de cada uno depender\u00e1 de una variedad de factores, incluyendo clima, presupuesto y las necesidades espec\u00edficas del proyecto, ya que los dos m\u00e9todos son muy populares, econ\u00f3micos y han sido utilizados exitosamente en todo el mundo desarrollado.<\/p>\r\n                <\/div>\r\n            <\/div>\r\n\r\n            <div class=\"faq-item\" data-category=\"ventajas\">\r\n                <div class=\"faq-question\">\r\n                    <span>\u00bfCu\u00e1les son las ventajas de las casas modulares sobre la construcci\u00f3n tradicional?<\/span>\r\n                    <span class=\"faq-toggle-icon\">\u25bc<\/span>\r\n                <\/div>\r\n                <div class=\"faq-answer\">\r\n                    <ul>\r\n                        <li><strong>Menor costo:<\/strong> Las casas modulares pueden ser menos costosas que las casas construidas tradicionalmente debido a que la construcci\u00f3n en la f\u00e1brica es m\u00e1s eficiente y permite el uso de materiales a granel.<\/li>\r\n                        <li><strong>Mayor rapidez de construcci\u00f3n:<\/strong> Las casas modulares se construyen en f\u00e1brica y se ensamblan en el sitio de la construcci\u00f3n, lo que permite una mayor rapidez en el proceso de construcci\u00f3n.<\/li>\r\n                        <li><strong>Control de calidad:<\/strong> Las casas modulares est\u00e1n construidas en un ambiente controlado, lo que permite un mayor control de calidad durante el proceso de construcci\u00f3n.<\/li>\r\n                        <li><strong>Personalizaci\u00f3n:<\/strong> Las casas modulares pueden ser dise\u00f1adas y personalizadas seg\u00fan las necesidades y especificaciones del cliente.<\/li>\r\n                        <li><strong>Eficiencia energ\u00e9tica:<\/strong> Las casas modulares est\u00e1n dise\u00f1adas y construidas para ser eficientes energ\u00e9ticamente, utilizando materiales y t\u00e9cnicas de construcci\u00f3n avanzadas para reducir el consumo de energ\u00eda y los costos de operaci\u00f3n a largo plazo.<\/li>\r\n                        <li><strong>Menor impacto ambiental:<\/strong> La construcci\u00f3n modular produce menos desechos y reduce el impacto ambiental en comparaci\u00f3n con la construcci\u00f3n tradicional.<\/li>\r\n                    <\/ul>\r\n                <\/div>\r\n            <\/div>\r\n\r\n            <div class=\"faq-item\" data-category=\"proceso\">\r\n                <div class=\"faq-question\">\r\n                    <span>\u00bfTrabajan con \"llave en mano\"?<\/span>\r\n                    <span class=\"faq-toggle-icon\">\u25bc<\/span>\r\n                <\/div>\r\n                <div class=\"faq-answer\">\r\n                    <p>Tenemos el servicio de llave en mano y venta de kit de auto armado inicial y full.<\/p>\r\n                <\/div>\r\n            <\/div>\r\n\r\n            <div class=\"faq-item\" data-category=\"proceso\">\r\n                <div class=\"faq-question\">\r\n                    <span>\u00bfQu\u00e9 incluye una casa Modular llave en mano?<\/span>\r\n                    <span class=\"faq-toggle-icon\">\u25bc<\/span>\r\n                <\/div>\r\n                <div class=\"faq-answer\">\r\n                    <p>Considera la construcci\u00f3n completa en f\u00e1brica de la vivienda, el equipamiento con closet en dormitorios y mobiliario con artefactos de cocina, la obra civil, transporte, conexi\u00f3n y montaje de la vivienda.<\/p>\r\n                    <p>Adem\u00e1s se pueden considerar servicios complementarios al proyecto como fosa s\u00e9ptica o planta de tratamiento, empalmes el\u00e9ctricos o arranque de agua potable, paneles solares, etc.<\/p>\r\n                <\/div>\r\n            <\/div>\r\n\r\n            <div class=\"faq-item\" data-category=\"proceso\">\r\n                <div class=\"faq-question\">\r\n                    <span>\u00bfQu\u00e9 incluye el Kit de Autoconstrucci\u00f3n?<\/span>\r\n                    <span class=\"faq-toggle-icon\">\u25bc<\/span>\r\n                <\/div>\r\n                <div class=\"faq-answer\">\r\n                    <p>El kit inicial en panel SIP incluye muros interiores y exteriores en panel SIP; adem\u00e1s incluye cielo de cubierta, uniones, soleras, carreras, adhesivos y fijaciones. Se consideran cortes generales y de dimensionado y planos generales del proyecto. El kit full adem\u00e1s de lo anterior incluye Losa en panel SIP con todos sus elementos.<\/p>\r\n                <\/div>\r\n            <\/div>\r\n\r\n            <div class=\"faq-item\" data-category=\"proceso\">\r\n                <div class=\"faq-question\">\r\n                    <span>\u00bfCu\u00e1nto demora construir en Panel SIP y Metalcon?<\/span>\r\n                    <span class=\"faq-toggle-icon\">\u25bc<\/span>\r\n                <\/div>\r\n                <div class=\"faq-answer\">\r\n                    <p>El tiempo de construcci\u00f3n en Panel SIP y Metalcon es un 50% m\u00e1s r\u00e1pido que construcciones tradicionales.<\/p>\r\n                <\/div>\r\n            <\/div>\r\n\r\n            <div class=\"faq-item\" data-category=\"pago\">\r\n                <div class=\"faq-question\">\r\n                    <span>\u00bfC\u00f3mo es el proceso de compra?<\/span>\r\n                    <span class=\"faq-toggle-icon\">\u25bc<\/span>\r\n                <\/div>\r\n                <div class=\"faq-answer\">\r\n                    <p>Se debe pagar el 50% del costo del proyecto al inicio del proyecto. Luego un abono de 40% con el 50% de avance del proyecto y el saldo de 10% para el transporte y montaje.<\/p>\r\n                <\/div>\r\n            <\/div>\r\n\r\n            <div class=\"faq-item\" data-category=\"pago\">\r\n                <div class=\"faq-question\">\r\n                    <span>\u00bfCu\u00e1les son los medios de pago?<\/span>\r\n                    <span class=\"faq-toggle-icon\">\u25bc<\/span>\r\n                <\/div>\r\n                <div class=\"faq-answer\">\r\n                    <p>Tarjetas de cr\u00e9ditos, transferencias bancarias, Vale vista, efectivo y otros instrumentos de pago.<\/p>\r\n                <\/div>\r\n            <\/div>\r\n\r\n            <div class=\"faq-item\" data-category=\"pago\">\r\n                <div class=\"faq-question\">\r\n                    <span>\u00bfPuedo pagar mi casa en cuotas?<\/span>\r\n                    <span class=\"faq-toggle-icon\">\u25bc<\/span>\r\n                <\/div>\r\n                <div class=\"faq-answer\">\r\n                    <p>Puede pagar su casa, hasta en 12 cuotas precio contado.<\/p>\r\n                <\/div>\r\n            <\/div>\r\n\r\n            <div class=\"faq-item\" data-category=\"despacho\">\r\n                <div class=\"faq-question\">\r\n                    <span>\u00bfC\u00f3mo se despachan nuestras casas?<\/span>\r\n                    <span class=\"faq-toggle-icon\">\u25bc<\/span>\r\n                <\/div>\r\n                <div class=\"faq-answer\">\r\n                    <p>Tiene la opci\u00f3n de retirar en f\u00e1brica o incluir el despacho y el montaje<\/p>\r\n                <\/div>\r\n            <\/div>\r\n        <\/div>\r\n    <\/div>\r\n<\/div>\r\n\r\n<script>\r\ndocument.addEventListener('DOMContentLoaded', function() {\r\n    const searchInput = document.getElementById('faqSearch');\r\n    const faqItems = document.querySelectorAll('.faq-item');\r\n    const navLinks = document.querySelectorAll('.faq-nav-link');\r\n    let activeCategory = 'materiales';\r\n\r\n    \/\/ Toggle accordion on question click\r\n    faqItems.forEach(item => {\r\n        const question = item.querySelector('.faq-question');\r\n        question.addEventListener('click', function() {\r\n            faqItems.forEach(otherItem => {\r\n                if (otherItem !== item && otherItem.classList.contains('open')) {\r\n                    otherItem.classList.remove('open');\r\n                    otherItem.querySelector('.faq-question').classList.remove('active');\r\n                }\r\n            });\r\n            \r\n            item.classList.toggle('open');\r\n            question.classList.toggle('active');\r\n        });\r\n    });\r\n\r\n    \/\/ Filter by category\r\n    navLinks.forEach(link => {\r\n        link.addEventListener('click', function(e) {\r\n            e.preventDefault();\r\n            const category = this.getAttribute('data-category');\r\n            activeCategory = category;\r\n            \r\n            \/\/ Update active nav link\r\n            navLinks.forEach(l => l.classList.remove('active'));\r\n            this.classList.add('active');\r\n            \r\n            \/\/ Show\/hide items by category\r\n            faqItems.forEach(item => {\r\n                if (item.getAttribute('data-category') === category) {\r\n                    item.classList.remove('hidden');\r\n                } else {\r\n                    item.classList.add('hidden');\r\n                    item.classList.remove('open');\r\n                    item.querySelector('.faq-question').classList.remove('active');\r\n                }\r\n            });\r\n        });\r\n    });\r\n\r\n    \/\/ Search functionality\r\n    searchInput.addEventListener('input', function() {\r\n        const searchTerm = this.value.toLowerCase().trim();\r\n\r\n        if (searchTerm === '') {\r\n            \/\/ Reset to active category\r\n            faqItems.forEach(item => {\r\n                if (item.getAttribute('data-category') === activeCategory) {\r\n                    item.classList.remove('hidden');\r\n                } else {\r\n                    item.classList.add('hidden');\r\n                }\r\n            });\r\n        } else {\r\n            \/\/ Search across all items\r\n            faqItems.forEach(item => {\r\n                const question = item.querySelector('.faq-question').textContent.toLowerCase();\r\n                const answer = item.querySelector('.faq-answer').textContent.toLowerCase();\r\n                const matches = question.includes(searchTerm) || answer.includes(searchTerm);\r\n                \r\n                item.classList.toggle('hidden', !matches);\r\n                if (!matches) {\r\n                    item.classList.remove('open');\r\n                    item.querySelector('.faq-question').classList.remove('active');\r\n                }\r\n            });\r\n        }\r\n    });\r\n});\r\n<\/script><\/div>\n\t\t\t\t<\/div>\n\t\t\t\t<\/div>\n\t\t\t\t\t<\/div>\n\t\t<\/div>\n\t\t\t\t\t\t\t<\/div>\n\t\t<\/section>\n\t\t\t\t\t\t\t<\/div>\n\t\t","protected":false},"excerpt":{"rendered":"","protected":false},"author":1,"featured_media":0,"parent":0,"menu_order":0,"comment_status":"closed","ping_status":"closed","template":"","meta":[],"_links":{"self":[{"href":"https:\/\/ecomodulares.cl\/index.php\/wp-json\/wp\/v2\/pages\/3851"}],"collection":[{"href":"https:\/\/ecomodulares.cl\/index.php\/wp-json\/wp\/v2\/pages"}],"about":[{"href":"https:\/\/ecomodulares.cl\/index.php\/wp-json\/wp\/v2\/types\/page"}],"author":[{"embeddable":true,"href":"https:\/\/ecomodulares.cl\/index.php\/wp-json\/wp\/v2\/users\/1"}],"replies":[{"embeddable":true,"href":"https:\/\/ecomodulares.cl\/index.php\/wp-json\/wp\/v2\/comments?post=3851"}],"version-history":[{"count":23,"href":"https:\/\/ecomodulares.cl\/index.php\/wp-json\/wp\/v2\/pages\/3851\/revisions"}],"predecessor-version":[{"id":7816,"href":"https:\/\/ecomodulares.cl\/index.php\/wp-json\/wp\/v2\/pages\/3851\/revisions\/7816"}],"wp:attachment":[{"href":"https:\/\/ecomodulares.cl\/index.php\/wp-json\/wp\/v2\/media?parent=3851"}],"curies":[{"name":"wp","href":"https:\/\/api.w.org\/{rel}","templated":true}]}}