{"id":4978,"date":"2023-10-18T00:57:49","date_gmt":"2023-10-18T00:57:49","guid":{"rendered":"https:\/\/ecomodulares.cl\/?page_id=4978"},"modified":"2026-01-06T23:25:26","modified_gmt":"2026-01-06T23:25:26","slug":"modulo-6","status":"publish","type":"page","link":"https:\/\/ecomodulares.cl\/index.php\/modulo-6\/","title":{"rendered":"MODULO 6"},"content":{"rendered":"\t\t<div data-elementor-type=\"wp-page\" data-elementor-id=\"4978\" class=\"elementor elementor-4978\">\n\t\t\t\t\t\t\t\t\t<section class=\"elementor-section elementor-top-section elementor-element elementor-element-1d4f4d7a elementor-section-stretched elementor-section-boxed elementor-section-height-default elementor-section-height-default wd-section-disabled\" data-id=\"1d4f4d7a\" data-element_type=\"section\" data-settings=\"{&quot;stretch_section&quot;:&quot;section-stretched&quot;}\">\n\t\t\t\t\t\t<div class=\"elementor-container elementor-column-gap-default\">\n\t\t\t\t\t<div class=\"elementor-column elementor-col-100 elementor-top-column elementor-element elementor-element-564d073d\" data-id=\"564d073d\" data-element_type=\"column\">\n\t\t\t<div class=\"elementor-widget-wrap elementor-element-populated\">\n\t\t\t\t\t\t\t\t<section class=\"elementor-section elementor-inner-section elementor-element elementor-element-f51b8fd elementor-section-boxed elementor-section-height-default elementor-section-height-default wd-section-disabled\" data-id=\"f51b8fd\" data-element_type=\"section\">\n\t\t\t\t\t\t<div class=\"elementor-container elementor-column-gap-default\">\n\t\t\t\t\t<div class=\"elementor-column elementor-col-100 elementor-inner-column elementor-element elementor-element-78054211\" data-id=\"78054211\" data-element_type=\"column\">\n\t\t\t<div class=\"elementor-widget-wrap elementor-element-populated\">\n\t\t\t\t\t\t\t\t<div class=\"elementor-element elementor-element-6f04d8db elementor-widget elementor-widget-wd_title\" data-id=\"6f04d8db\" data-element_type=\"widget\" data-widget_type=\"wd_title.default\">\n\t\t\t\t<div class=\"elementor-widget-container\">\n\t\t\t\t\t\t<link rel=\"stylesheet\" id=\"wd-section-title-css\" href=\"https:\/\/ecomodulares.cl\/wp-content\/themes\/woodmart\/css\/parts\/el-section-title.min.css?ver=6.0.4\" type=\"text\/css\" media=\"all\" \/> \t\t\t\t\t<div class=\"title-wrapper set-mb-s reset-last-child wd-title-color-default wd-title-style-default wd-title-size-default text-center\">\n\n\t\t\t\n\t\t\t<div class=\"liner-continer\">\n\n\t\t\t\t<h4 class=\"woodmart-title-container title wd-fontsize-l\">\n\t\t\t\t\t<span style=\"font-family: Quicksand, Arial, Helvetica, sans-serif;font-size: 40px;font-style: normal;font-weight: 600;letter-spacing: -0.9px\">COCINA\/COMEDOR<\/span>\t\t\t\t<\/h4>\n\n\t\t\t\t\n\t\t\t<\/div>\n\n\t\t\t\t\t<\/div>\n\t\t\t\t<\/div>\n\t\t\t\t<\/div>\n\t\t\t\t\t<\/div>\n\t\t<\/div>\n\t\t\t\t\t\t\t<\/div>\n\t\t<\/section>\n\t\t\t\t<section class=\"elementor-section elementor-inner-section elementor-element elementor-element-282c5ce8 elementor-section-boxed elementor-section-height-default elementor-section-height-default wd-section-disabled\" data-id=\"282c5ce8\" data-element_type=\"section\">\n\t\t\t\t\t\t<div class=\"elementor-container elementor-column-gap-default\">\n\t\t\t\t\t<div class=\"elementor-column elementor-col-50 elementor-inner-column elementor-element elementor-element-3c1c3192\" data-id=\"3c1c3192\" data-element_type=\"column\">\n\t\t\t<div class=\"elementor-widget-wrap elementor-element-populated\">\n\t\t\t\t\t\t\t\t<div class=\"elementor-element elementor-element-19c22e9e elementor-widget elementor-widget-wd_images_gallery\" data-id=\"19c22e9e\" data-element_type=\"widget\" data-widget_type=\"wd_images_gallery.default\">\n\t\t\t\t<div class=\"elementor-widget-container\">\n\t\t\t\t\t\t<link rel=\"stylesheet\" id=\"wd-photoswipe-css\" href=\"https:\/\/ecomodulares.cl\/wp-content\/themes\/woodmart\/css\/parts\/lib-photoswipe.min.css?ver=6.0.4\" type=\"text\/css\" media=\"all\" \/> \t\t\t\t\t\t<link rel=\"stylesheet\" id=\"wd-owl-carousel-css\" href=\"https:\/\/ecomodulares.cl\/wp-content\/themes\/woodmart\/css\/parts\/lib-owl-carousel.min.css?ver=6.0.4\" type=\"text\/css\" media=\"all\" \/> \t\t\t\t\t\t<link rel=\"stylesheet\" id=\"wd-image-gallery-css\" href=\"https:\/\/ecomodulares.cl\/wp-content\/themes\/woodmart\/css\/parts\/el-gallery.min.css?ver=6.0.4\" type=\"text\/css\" media=\"all\" \/> \t\t\t\t\t<div class=\"wd-images-gallery wd-justify-left wd-items-middle view-carousel photoswipe-images wd-carousel-spacing-6 wd-carousel-container\" data-owl-carousel data-speed=\"\" data-hide_prev_next_buttons=\"no\" data-desktop=\"1\" data-tablet_landscape=\"1\" data-tablet=\"1\" data-mobile=\"1\">\n\t\t\t<div class=\"gallery-images owl-carousel owl-items-lg-1 owl-items-md-1 owl-items-sm-1 owl-items-xs-1\">\n\t\t\t\t\t\t\t\t\t\t\t\t\t\t<div class=\"wd-gallery-item\">\n\t\t\t\t\t\t\t\t\t\t\t\t\t<a  href=\"https:\/\/ecomodulares.cl\/wp-content\/uploads\/2025\/10\/34-1-1536x864-1.png\"data-width=\"1536\" data-height=\"864\" data-index=\"1\" data-elementor-open-lightbox=\"no\" title=\"fachada-frontal-modulo-prefabricado-negro\">\n\t\t\t\t\t\t\t\t\t\t\t\t\n\t\t\t\t\t\t\t<img src=\"https:\/\/ecomodulares.cl\/wp-content\/uploads\/2025\/10\/34-1-1536x864-1.png\">\t\t\t\t\t\t\t\n\t\t\t\t\t\t\t\t\t\t\t\t\t<\/a>\n\t\t\t\t\t\t\t\t\t\t\t<\/div>\n\t\t\t\t\t\t\t\t\t\t\t\t\t\t\t<div class=\"wd-gallery-item\">\n\t\t\t\t\t\t\t\t\t\t\t\t\t<a  href=\"https:\/\/ecomodulares.cl\/wp-content\/uploads\/2025\/08\/35-2.png\"data-width=\"3840\" data-height=\"2160\" data-index=\"2\" data-elementor-open-lightbox=\"no\" title=\"35\">\n\t\t\t\t\t\t\t\t\t\t\t\t\n\t\t\t\t\t\t\t<img src=\"https:\/\/ecomodulares.cl\/wp-content\/uploads\/2025\/08\/35-2.png\">\t\t\t\t\t\t\t\n\t\t\t\t\t\t\t\t\t\t\t\t\t<\/a>\n\t\t\t\t\t\t\t\t\t\t\t<\/div>\n\t\t\t\t\t\t\t\t\t\t\t\t\t\t\t<div class=\"wd-gallery-item\">\n\t\t\t\t\t\t\t\t\t\t\t\t\t<a  href=\"https:\/\/ecomodulares.cl\/wp-content\/uploads\/2025\/10\/36-2-1536x864-1.png\"data-width=\"1536\" data-height=\"864\" data-index=\"3\" data-elementor-open-lightbox=\"no\" title=\"36-2-1536x864\">\n\t\t\t\t\t\t\t\t\t\t\t\t\n\t\t\t\t\t\t\t<img src=\"https:\/\/ecomodulares.cl\/wp-content\/uploads\/2025\/10\/36-2-1536x864-1.png\">\t\t\t\t\t\t\t\n\t\t\t\t\t\t\t\t\t\t\t\t\t<\/a>\n\t\t\t\t\t\t\t\t\t\t\t<\/div>\n\t\t\t\t\t\t\t\t<\/div>\n\t\t<\/div>\n\t\t\t\t<\/div>\n\t\t\t\t<\/div>\n\t\t\t\t\t<\/div>\n\t\t<\/div>\n\t\t\t\t<div class=\"elementor-column elementor-col-50 elementor-inner-column elementor-element elementor-element-5e95af4a\" data-id=\"5e95af4a\" data-element_type=\"column\">\n\t\t\t<div class=\"elementor-widget-wrap elementor-element-populated\">\n\t\t\t\t\t\t\t\t<div class=\"elementor-element elementor-element-f3d2f2 elementor-widget elementor-widget-wd_images_gallery\" data-id=\"f3d2f2\" data-element_type=\"widget\" data-widget_type=\"wd_images_gallery.default\">\n\t\t\t\t<div class=\"elementor-widget-container\">\n\t\t\t\t\t<div class=\"wd-images-gallery wd-justify-center wd-items-middle view-grid photoswipe-images\" >\n\t\t\t<div class=\"gallery-images row wd-spacing-0\">\n\t\t\t\t\t\t\t\t\t\t\t\t\t\t<div class=\"wd-gallery-item  col-6\">\n\t\t\t\t\t\t\t\t\t\t\t\t\t<a  href=\"https:\/\/ecomodulares.cl\/wp-content\/uploads\/2025\/08\/33-1.png\"data-width=\"3840\" data-height=\"2160\" data-index=\"1\" data-elementor-open-lightbox=\"no\">\n\t\t\t\t\t\t\t\t\t\t\t\t\n\t\t\t\t\t\t\t<img src=\"https:\/\/ecomodulares.cl\/wp-content\/uploads\/2025\/08\/33-1-1024x576.png\">\t\t\t\t\t\t\t\n\t\t\t\t\t\t\t\t\t\t\t\t\t<\/a>\n\t\t\t\t\t\t\t\t\t\t\t<\/div>\n\t\t\t\t\t\t\t\t<\/div>\n\t\t<\/div>\n\t\t\t\t<\/div>\n\t\t\t\t<\/div>\n\t\t\t\t<div class=\"elementor-element elementor-element-5253a9e elementor-align-left elementor-icon-list--layout-traditional elementor-list-item-link-full_width elementor-widget elementor-widget-icon-list\" data-id=\"5253a9e\" data-element_type=\"widget\" data-widget_type=\"icon-list.default\">\n\t\t\t\t<div class=\"elementor-widget-container\">\n\t\t\t\t\t<ul class=\"elementor-icon-list-items\">\n\t\t\t\t\t\t\t<li class=\"elementor-icon-list-item\">\n\t\t\t\t\t\t\t\t\t\t\t<span class=\"elementor-icon-list-icon\">\n\t\t\t\t\t\t\t<svg xmlns=\"http:\/\/www.w3.org\/2000\/svg\" viewBox=\"0 0 640 512\"><path d=\"M32 64c17.7 0 32 14.3 32 32l0 320c0 17.7-14.3 32-32 32s-32-14.3-32-32V96C0 78.3 14.3 64 32 64zm214.6 73.4c12.5 12.5 12.5 32.8 0 45.3L205.3 224l229.5 0-41.4-41.4c-12.5-12.5-12.5-32.8 0-45.3s32.8-12.5 45.3 0l96 96c12.5 12.5 12.5 32.8 0 45.3l-96 96c-12.5 12.5-32.8 12.5-45.3 0s-12.5-32.8 0-45.3L434.7 288l-229.5 0 41.4 41.4c12.5 12.5 12.5 32.8 0 45.3s-32.8 12.5-45.3 0l-96-96c-12.5-12.5-12.5-32.8 0-45.3l96-96c12.5-12.5 32.8-12.5 45.3 0zM640 96V416c0 17.7-14.3 32-32 32s-32-14.3-32-32V96c0-17.7 14.3-32 32-32s32 14.3 32 32z\"><\/path><\/svg>\t\t\t\t\t\t<\/span>\n\t\t\t\t\t\t\t\t\t\t<span class=\"elementor-icon-list-text\"><span style=\"white-space-collapse: collapse;\">Son <b>19,2 m2<\/b>, Largo 6 metros, ancho de 3,2 metros y 2,4 metros de altura piso cielo.<\/span><\/span>\n\t\t\t\t\t\t\t\t\t<\/li>\n\t\t\t\t\t\t\t\t<li class=\"elementor-icon-list-item\">\n\t\t\t\t\t\t\t\t\t\t\t<span class=\"elementor-icon-list-icon\">\n\t\t\t\t\t\t\t<svg xmlns=\"http:\/\/www.w3.org\/2000\/svg\" viewBox=\"0 0 640 512\"><path d=\"M64 160C64 89.3 121.3 32 192 32H448c70.7 0 128 57.3 128 128v33.6c-36.5 7.4-64 39.7-64 78.4v48H128V272c0-38.7-27.5-71-64-78.4V160zM544 272c0-20.9 13.4-38.7 32-45.3c5-1.8 10.4-2.7 16-2.7c26.5 0 48 21.5 48 48V448c0 17.7-14.3 32-32 32H576c-17.7 0-32-14.3-32-32H96c0 17.7-14.3 32-32 32H32c-17.7 0-32-14.3-32-32V272c0-26.5 21.5-48 48-48c5.6 0 11 1 16 2.7c18.6 6.6 32 24.4 32 45.3v48 32h32H512h32V320 272z\"><\/path><\/svg>\t\t\t\t\t\t<\/span>\n\t\t\t\t\t\t\t\t\t\t<span class=\"elementor-icon-list-text\"><b>Equipamiento: <\/b>Incluye Cocina totalmente equipada con mueble base y mueble mural con puertas abatibles, cubierta de cuarzo o granito (a elecci\u00f3n), encimera el\u00e9ctrica de cuatro quemadores, lavaplatos modelo deluxe, horno el\u00e9ctrico empotrado y campana extractora.<\/span>\n\t\t\t\t\t\t\t\t\t<\/li>\n\t\t\t\t\t\t\t\t<li class=\"elementor-icon-list-item\">\n\t\t\t\t\t\t\t\t\t\t\t<span class=\"elementor-icon-list-icon\">\n\t\t\t\t\t\t\t<i aria-hidden=\"true\" class=\"fas fa-dollar-sign\"><\/i>\t\t\t\t\t\t<\/span>\n\t\t\t\t\t\t\t\t\t\t<span class=\"elementor-icon-list-text\">Valor desde\u202f<b>$10.900.000.-<\/b> puesta en f\u00e1brica en versi\u00f3n Elite (Valores Netos).<br>Valor Equipamiento\u202fdesde <b>$2.590.000.-<\/b> (Valores Netos).<\/span>\n\t\t\t\t\t\t\t\t\t<\/li>\n\t\t\t\t\t\t<\/ul>\n\t\t\t\t<\/div>\n\t\t\t\t<\/div>\n\t\t\t\t\t<\/div>\n\t\t<\/div>\n\t\t\t\t\t\t\t<\/div>\n\t\t<\/section>\n\t\t\t\t<div class=\"elementor-element elementor-element-68798568 elementor-widget elementor-widget-wd_button\" data-id=\"68798568\" data-element_type=\"widget\" data-widget_type=\"wd_button.default\">\n\t\t\t\t<div class=\"elementor-widget-container\">\n\t\t\t\t\t<div class=\"wd-button-wrapper text-center\" >\n\t\t\t<a class=\"btn btn-style-default btn-shape-round btn-size-large btn-scheme-light btn-scheme-hover-inherit btn-icon-pos-left\"  href=\"https:\/\/ecomodulares.cl\/index.php\/contacto\/\">\n\t\t\t\t<span class=\"wd-btn-text\" data-elementor-setting-key=\"text\">\n\t\t\t\t\t$10.900.000 + IVA\t\t\t\t<\/span>\n\n\t\t\t\t\t\t\t<\/a>\n\t\t<\/div>\n\t\t\t\t<\/div>\n\t\t\t\t<\/div>\n\t\t\t\t\t<\/div>\n\t\t<\/div>\n\t\t\t\t\t\t\t<\/div>\n\t\t<\/section>\n\t\t\t\t\t\t\t<\/div>\n\t\t","protected":false},"excerpt":{"rendered":"<p>COCINA\/COMEDOR Son 19,2 m2, Largo 6 metros, ancho de 3,2 metros y 2,4 metros de altura piso cielo. Equipamiento: Incluye<\/p>\n","protected":false},"author":1,"featured_media":0,"parent":0,"menu_order":0,"comment_status":"closed","ping_status":"closed","template":"","meta":[],"_links":{"self":[{"href":"https:\/\/ecomodulares.cl\/index.php\/wp-json\/wp\/v2\/pages\/4978"}],"collection":[{"href":"https:\/\/ecomodulares.cl\/index.php\/wp-json\/wp\/v2\/pages"}],"about":[{"href":"https:\/\/ecomodulares.cl\/index.php\/wp-json\/wp\/v2\/types\/page"}],"author":[{"embeddable":true,"href":"https:\/\/ecomodulares.cl\/index.php\/wp-json\/wp\/v2\/users\/1"}],"replies":[{"embeddable":true,"href":"https:\/\/ecomodulares.cl\/index.php\/wp-json\/wp\/v2\/comments?post=4978"}],"version-history":[{"count":46,"href":"https:\/\/ecomodulares.cl\/index.php\/wp-json\/wp\/v2\/pages\/4978\/revisions"}],"predecessor-version":[{"id":8748,"href":"https:\/\/ecomodulares.cl\/index.php\/wp-json\/wp\/v2\/pages\/4978\/revisions\/8748"}],"wp:attachment":[{"href":"https:\/\/ecomodulares.cl\/index.php\/wp-json\/wp\/v2\/media?parent=4978"}],"curies":[{"name":"wp","href":"https:\/\/api.w.org\/{rel}","templated":true}]}}